{"id":692,"date":"2025-01-06T14:59:20","date_gmt":"2025-01-06T13:59:20","guid":{"rendered":"https:\/\/edis.hu\/?page_id=692"},"modified":"2025-01-06T22:11:28","modified_gmt":"2025-01-06T21:11:28","slug":"blog","status":"publish","type":"page","link":"https:\/\/edis.hu\/en\/blog\/","title":{"rendered":"Blog"},"content":{"rendered":"<p>[et_pb_section fb_built=&#8221;1&#8243; admin_label=&#8221;Blog&#8221; _builder_version=&#8221;4.27.3&#8243; _module_preset=&#8221;default&#8221; background_color=&#8221;#000000&#8243; hover_enabled=&#8221;0&#8243; collapsed=&#8221;on&#8221; global_colors_info=&#8221;{}&#8221; sticky_enabled=&#8221;0&#8243;][et_pb_row _builder_version=&#8221;4.24.2&#8243; _module_preset=&#8221;default&#8221; background_enable_image=&#8221;off&#8221; z_index=&#8221;16&#8243; sticky_limit_bottom=&#8221;section&#8221; scroll_vertical_motion=&#8221;0|44|44|100|0|0|6&#8243; motion_trigger_start=&#8221;bottom&#8221; locked=&#8221;off&#8221; global_colors_info=&#8221;{}&#8221;][et_pb_column type=&#8221;4_4&#8243; _builder_version=&#8221;4.23.1&#8243; _module_preset=&#8221;default&#8221; global_colors_info=&#8221;{}&#8221;][et_pb_text _builder_version=&#8221;4.24.2&#8243; _module_preset=&#8221;cad7f10e-2c51-4910-857f-2dd314e998b6&#8243; header_text_color=&#8221;#FFFFFF&#8221; header_font_size=&#8221;3vw&#8221; header_line_height=&#8221;1.2em&#8221; text_orientation=&#8221;center&#8221; custom_margin=&#8221;||5px||false|false&#8221; animation_style=&#8221;fade&#8221; animation_duration=&#8221;500ms&#8221; header_font_size_tablet=&#8221;55px&#8221; header_font_size_phone=&#8221;30px&#8221; header_font_size_last_edited=&#8221;on|phone&#8221; global_colors_info=&#8221;{}&#8221;]<\/p>\n<h1>Blog<\/h1>\n<p>[\/et_pb_text][et_pb_text disabled_on=&#8221;on|on|on&#8221; _builder_version=&#8221;4.27.3&#8243; _module_preset=&#8221;c74cf115-a220-4d3e-8ad1-0d00b151eb87&#8243; header_4_font=&#8221;Archivo|300|||||||&#8221; header_4_text_align=&#8221;center&#8221; header_4_text_color=&#8221;#FFFFFF&#8221; header_4_font_size=&#8221;20px&#8221; header_4_line_height=&#8221;1em&#8221; text_orientation=&#8221;center&#8221; custom_margin=&#8221;||||false|false&#8221; custom_padding=&#8221;||||false|false&#8221; animation_style=&#8221;fade&#8221; animation_duration=&#8221;500ms&#8221; disabled=&#8221;on&#8221; global_colors_info=&#8221;{}&#8221;]<\/p>\n<h4>Fedezd fel, mit k\u00e9pvisel az Edis \u00e9s hogyan alkotunk \u00e9rt\u00e9ket!<\/h4>\n<p>[\/et_pb_text][\/et_pb_column][\/et_pb_row][et_pb_row _builder_version=&#8221;4.20.0&#8243; _module_preset=&#8221;default&#8221; global_colors_info=&#8221;{}&#8221;][et_pb_column type=&#8221;4_4&#8243; _builder_version=&#8221;4.20.0&#8243; _module_preset=&#8221;default&#8221; global_colors_info=&#8221;{}&#8221;][et_pb_blog posts_number=&#8221;9&#8243; include_categories=&#8221;16&#8243; use_manual_excerpt=&#8221;off&#8221; show_more=&#8221;off&#8221; show_date=&#8221;off&#8221; show_categories=&#8221;off&#8221; _builder_version=&#8221;4.27.3&#8243; _module_preset=&#8221;4ce321e7-bc9f-4013-9a53-f663b46ac7d9&#8243; header_line_height=&#8221;1.2em&#8221; body_font_size=&#8221;16px&#8221; body_line_height=&#8221;1.5em&#8221; read_more_font=&#8221;|700|||||||&#8221; read_more_text_color=&#8221;#2A7BD8&#8243; read_more_line_height=&#8221;3em&#8221; pagination_font=&#8221;|700|||||||&#8221; pagination_text_color=&#8221;#1EE1BE&#8221; hover_enabled=&#8221;0&#8243; read_more_font_size_last_edited=&#8221;off|desktop&#8221; locked=&#8221;off&#8221; global_colors_info=&#8221;{%22gcid-4b73e4d9-a130-475b-a212-4e71bec4d095%22:%91%22meta_text_color%22,%22meta_text_color%22,%22meta_text_color%22%93}&#8221; sticky_enabled=&#8221;0&#8243;][\/et_pb_blog][\/et_pb_column][\/et_pb_row][\/et_pb_section]<\/p>\n","protected":false},"excerpt":{"rendered":"<p>BlogFedezd fel, mit k\u00e9pvisel az Edis \u00e9s hogyan alkotunk \u00e9rt\u00e9ket!<\/p>\n","protected":false},"author":1,"featured_media":0,"parent":0,"menu_order":0,"comment_status":"closed","ping_status":"closed","template":"","meta":{"_et_pb_use_builder":"on","_et_pb_old_content":"","_et_gb_content_width":"","footnotes":""},"class_list":["post-692","page","type-page","status-publish","hentry"],"translation":{"provider":"WPGlobus","version":"3.0.0","language":"en","enabled_languages":["hu","en"],"languages":{"hu":{"title":true,"content":true,"excerpt":false},"en":{"title":false,"content":false,"excerpt":false}}},"yoast_head":"<!-- This site is optimized with the Yoast SEO plugin v24.1 - https:\/\/yoast.com\/wordpress\/plugins\/seo\/ -->\n<title>Blog - Custom Software Development .:. Edis<\/title>\n<meta name=\"robots\" content=\"index, follow, max-snippet:-1, max-image-preview:large, max-video-preview:-1\" \/>\n<link rel=\"canonical\" href=\"https:\/\/edis.hu\/en\/blog\/\" \/>\n<meta property=\"og:locale\" content=\"en_US\" \/>\n<meta property=\"og:type\" content=\"article\" \/>\n<meta property=\"og:title\" content=\"Blog - Custom Software Development .:. Edis\" \/>\n<meta property=\"og:url\" content=\"https:\/\/edis.hu\/blog\/\" \/>\n<meta property=\"og:site_name\" content=\"Custom Software Development .:. Edis\" \/>\n<meta property=\"article:modified_time\" content=\"2025-01-06T21:11:28+00:00\" \/>\n<meta name=\"twitter:card\" content=\"summary_large_image\" \/>\n<script type=\"application\/ld+json\" class=\"yoast-schema-graph\">{\"@context\":\"https:\/\/schema.org\",\"@graph\":[{\"@type\":\"WebPage\",\"@id\":\"https:\/\/edis.hu\/blog\/\",\"url\":\"https:\/\/edis.hu\/blog\/\",\"name\":\"Blog - Custom Software Development .:. Edis\",\"isPartOf\":{\"@id\":\"https:\/\/edis.hu\/#website\"},\"datePublished\":\"2025-01-06T13:59:20+00:00\",\"dateModified\":\"2025-01-06T21:11:28+00:00\",\"breadcrumb\":{\"@id\":\"https:\/\/edis.hu\/blog\/#breadcrumb\"},\"inLanguage\":\"en-US\",\"potentialAction\":[{\"@type\":\"ReadAction\",\"target\":[\"https:\/\/edis.hu\/blog\/\"]}]},{\"@type\":\"BreadcrumbList\",\"@id\":\"https:\/\/edis.hu\/blog\/#breadcrumb\",\"itemListElement\":[{\"@type\":\"ListItem\",\"position\":1,\"name\":\"Kezd\u0151lap\",\"item\":\"https:\/\/edis.hu\/en\/\"},{\"@type\":\"ListItem\",\"position\":2,\"name\":\"Blog\"}]},{\"@type\":\"WebSite\",\"@id\":\"https:\/\/edis.hu\/#website\",\"url\":\"https:\/\/edis.hu\/\",\"name\":\"Custom Software Development .:. Edis\",\"description\":\"\",\"potentialAction\":[{\"@type\":\"SearchAction\",\"target\":{\"@type\":\"EntryPoint\",\"urlTemplate\":\"https:\/\/edis.hu\/?s={search_term_string}\"},\"query-input\":{\"@type\":\"PropertyValueSpecification\",\"valueRequired\":true,\"valueName\":\"search_term_string\"}}],\"inLanguage\":\"en-US\"}]}<\/script>\n<!-- \/ Yoast SEO plugin. -->","yoast_head_json":{"title":"Blog - Custom Software Development .:. Edis","robots":{"index":"index","follow":"follow","max-snippet":"max-snippet:-1","max-image-preview":"max-image-preview:large","max-video-preview":"max-video-preview:-1"},"canonical":"https:\/\/edis.hu\/en\/blog\/","og_locale":"en_US","og_type":"article","og_title":"Blog - Custom Software Development .:. Edis","og_url":"https:\/\/edis.hu\/blog\/","og_site_name":"Custom Software Development .:. Edis","article_modified_time":"2025-01-06T21:11:28+00:00","twitter_card":"summary_large_image","schema":{"@context":"https:\/\/schema.org","@graph":[{"@type":"WebPage","@id":"https:\/\/edis.hu\/blog\/","url":"https:\/\/edis.hu\/blog\/","name":"Blog - Custom Software Development .:. Edis","isPartOf":{"@id":"https:\/\/edis.hu\/#website"},"datePublished":"2025-01-06T13:59:20+00:00","dateModified":"2025-01-06T21:11:28+00:00","breadcrumb":{"@id":"https:\/\/edis.hu\/blog\/#breadcrumb"},"inLanguage":"en-US","potentialAction":[{"@type":"ReadAction","target":["https:\/\/edis.hu\/blog\/"]}]},{"@type":"BreadcrumbList","@id":"https:\/\/edis.hu\/blog\/#breadcrumb","itemListElement":[{"@type":"ListItem","position":1,"name":"Kezd\u0151lap","item":"https:\/\/edis.hu\/en\/"},{"@type":"ListItem","position":2,"name":"Blog"}]},{"@type":"WebSite","@id":"https:\/\/edis.hu\/#website","url":"https:\/\/edis.hu\/","name":"Custom Software Development .:. Edis","description":"","potentialAction":[{"@type":"SearchAction","target":{"@type":"EntryPoint","urlTemplate":"https:\/\/edis.hu\/?s={search_term_string}"},"query-input":{"@type":"PropertyValueSpecification","valueRequired":true,"valueName":"search_term_string"}}],"inLanguage":"en-US"}]}},"_links":{"self":[{"href":"https:\/\/edis.hu\/en\/wp-json\/wp\/v2\/pages\/692","targetHints":{"allow":["GET"]}}],"collection":[{"href":"https:\/\/edis.hu\/en\/wp-json\/wp\/v2\/pages"}],"about":[{"href":"https:\/\/edis.hu\/en\/wp-json\/wp\/v2\/types\/page"}],"author":[{"embeddable":true,"href":"https:\/\/edis.hu\/en\/wp-json\/wp\/v2\/users\/1"}],"replies":[{"embeddable":true,"href":"https:\/\/edis.hu\/en\/wp-json\/wp\/v2\/comments?post=692"}],"version-history":[{"count":6,"href":"https:\/\/edis.hu\/en\/wp-json\/wp\/v2\/pages\/692\/revisions"}],"predecessor-version":[{"id":804,"href":"https:\/\/edis.hu\/en\/wp-json\/wp\/v2\/pages\/692\/revisions\/804"}],"wp:attachment":[{"href":"https:\/\/edis.hu\/en\/wp-json\/wp\/v2\/media?parent=692"}],"curies":[{"name":"wp","href":"https:\/\/api.w.org\/{rel}","templated":true}]}}